{"id":10865,"date":"2025-09-19T16:21:14","date_gmt":"2025-09-19T14:21:14","guid":{"rendered":"https:\/\/stewart.it\/?post_type=product&#038;p=10865"},"modified":"2026-05-11T15:06:12","modified_gmt":"2026-05-11T13:06:12","slug":"tom-vintage-nabuk-mastice","status":"publish","type":"product","link":"https:\/\/stewart.it\/it\/collection\/tom-vintage-nabuk-mastice\/","title":{"rendered":"TOM &#8211; VINTAGE NABUK | MASTICE"},"content":{"rendered":"<p data-start=\"209\" data-end=\"711\">Il giubbotto da uomo Tom \u00e8 realizzato in vintage nabuk, una pelle morbida e resistente caratterizzata da una finitura naturalmente vissuta che mette in risalto la profondit\u00e0 e la grana del materiale. Il design essenziale, con linee pulite e bilanciate, valorizza la qualit\u00e0 della lavorazione artigianale italiana, garantendo comfort e durabilit\u00e0.<br data-start=\"555\" data-end=\"558\" \/>Versatile e raffinato, il Tom \u00e8 un capo pensato per accompagnare con naturalezza look casual o pi\u00f9 ricercati, offrendo uno stile autentico e senza tempo.<\/p>\n","protected":false},"excerpt":{"rendered":"<p data-start=\"1224\" data-end=\"1372\">Giubbotto in vintage nabuk morbido e resistente, dal design essenziale e artigianale, ideale per look versatili dallo stile autentico e senza tempo.<\/p>\n<p data-start=\"1374\" data-end=\"1392\">\n","protected":false},"featured_media":11494,"template":"","meta":{"_acf_changed":false},"product_brand":[],"product_cat":[707,522],"product_tag":[722,157,283],"class_list":{"0":"post-10865","1":"product","2":"type-product","3":"status-publish","4":"has-post-thumbnail","6":"product_cat-autunno-inverno-25","7":"product_cat-bomber-invernali","8":"product_tag-fw25-2","9":"product_tag-jacket","10":"product_tag-man","12":"first","13":"instock","14":"taxable","15":"shipping-taxable","16":"purchasable","17":"product-type-variable"},"acf":[],"_links":{"self":[{"href":"https:\/\/stewart.it\/it\/wp-json\/wp\/v2\/product\/10865","targetHints":{"allow":["GET"]}}],"collection":[{"href":"https:\/\/stewart.it\/it\/wp-json\/wp\/v2\/product"}],"about":[{"href":"https:\/\/stewart.it\/it\/wp-json\/wp\/v2\/types\/product"}],"wp:featuredmedia":[{"embeddable":true,"href":"https:\/\/stewart.it\/it\/wp-json\/wp\/v2\/media\/11494"}],"wp:attachment":[{"href":"https:\/\/stewart.it\/it\/wp-json\/wp\/v2\/media?parent=10865"}],"wp:term":[{"taxonomy":"product_brand","embeddable":true,"href":"https:\/\/stewart.it\/it\/wp-json\/wp\/v2\/product_brand?post=10865"},{"taxonomy":"product_cat","embeddable":true,"href":"https:\/\/stewart.it\/it\/wp-json\/wp\/v2\/product_cat?post=10865"},{"taxonomy":"product_tag","embeddable":true,"href":"https:\/\/stewart.it\/it\/wp-json\/wp\/v2\/product_tag?post=10865"}],"curies":[{"name":"wp","href":"https:\/\/api.w.org\/{rel}","templated":true}]}}