{"id":5287,"date":"2024-10-12T17:07:22","date_gmt":"2024-10-12T17:07:22","guid":{"rendered":"https:\/\/stewart.it\/?post_type=product&#038;p=5287"},"modified":"2026-04-28T18:33:08","modified_gmt":"2026-04-28T16:33:08","slug":"alabama-las-vegas-lamb-mogano","status":"publish","type":"product","link":"https:\/\/stewart.it\/it\/collection\/alabama-las-vegas-lamb-mogano\/","title":{"rendered":"ALABAMA &#8211; LAS VEGAS LAMB | MOGANO"},"content":{"rendered":"<p>Una giacca realizzata in morbida pelle di agnello, si distingue per la chiusura centrale con zip a doppio cursore che garantisce praticit\u00e0 e comfort. Il colletto a camicia richiama uno stile classico e raffinato, mentre le due tasche laterali con chiusura a zip aggiungono funzionalit\u00e0 e sicurezza. Questa giacca in pelle da uomo \u00e8 perfetta sia per completare un look casual chic con jeans, sia per valorizzare outfit pi\u00f9 eleganti con pantaloni sartoriali. Un capo iconico che esprime al meglio l\u2019artigianalit\u00e0 italiana, la qualit\u00e0 premium e il design contemporaneo.<\/p>\n","protected":false},"excerpt":{"rendered":"<p>Una giacca realizzata in morbida pelle di agnello, si distingue per la chiusura centrale con zip a doppio cursore che garantisce praticit\u00e0 e comfort.<\/p>\n","protected":false},"featured_media":17817,"template":"","meta":{"_acf_changed":false},"product_brand":[],"product_cat":[770,909],"product_tag":[241,192],"class_list":{"0":"post-5287","1":"product","2":"type-product","3":"status-publish","4":"has-post-thumbnail","6":"product_cat-archivio-stewart","7":"product_cat-archivio-invernale","8":"product_tag-fw","9":"product_tag-old-glory-3","11":"first","12":"instock","13":"sale","14":"taxable","15":"shipping-taxable","16":"purchasable","17":"product-type-variable"},"acf":[],"_links":{"self":[{"href":"https:\/\/stewart.it\/it\/wp-json\/wp\/v2\/product\/5287","targetHints":{"allow":["GET"]}}],"collection":[{"href":"https:\/\/stewart.it\/it\/wp-json\/wp\/v2\/product"}],"about":[{"href":"https:\/\/stewart.it\/it\/wp-json\/wp\/v2\/types\/product"}],"wp:featuredmedia":[{"embeddable":true,"href":"https:\/\/stewart.it\/it\/wp-json\/wp\/v2\/media\/17817"}],"wp:attachment":[{"href":"https:\/\/stewart.it\/it\/wp-json\/wp\/v2\/media?parent=5287"}],"wp:term":[{"taxonomy":"product_brand","embeddable":true,"href":"https:\/\/stewart.it\/it\/wp-json\/wp\/v2\/product_brand?post=5287"},{"taxonomy":"product_cat","embeddable":true,"href":"https:\/\/stewart.it\/it\/wp-json\/wp\/v2\/product_cat?post=5287"},{"taxonomy":"product_tag","embeddable":true,"href":"https:\/\/stewart.it\/it\/wp-json\/wp\/v2\/product_tag?post=5287"}],"curies":[{"name":"wp","href":"https:\/\/api.w.org\/{rel}","templated":true}]}}